{"id":12,"date":"2021-10-14T18:32:48","date_gmt":"2021-10-14T16:32:48","guid":{"rendered":"https:\/\/biga.com.pl\/?page_id=12"},"modified":"2022-07-06T11:25:40","modified_gmt":"2022-07-06T09:25:40","slug":"kontakt","status":"publish","type":"page","link":"https:\/\/biga.com.pl\/en\/kontakt\/","title":{"rendered":"Contact"},"content":{"rendered":"<div id=\"themify_builder_content-12\" data-postid=\"12\" class=\"themify_builder_content themify_builder_content-12 themify_builder tf_clear\">\n    \t<!-- module_row -->\n\t<div   data-css_id=\"tb_g4xs817\" data-lazy=\"1\" class=\"themify_builder_row module_row tb_gs10561a tb_g4xs817 tb_first clearfix\">\n\t    <div class=\"tf_abs builder_row_cover\"><\/div>\t\t\t\t\t\t<div class=\"tf_abs tf_hide tb_row_frame tb_row_frame_bottom\"><\/div>\n\t\t\t\t\t\t\t    <div class=\"row_inner col_align_top tf_box tf_w tf_rel\" >\n\t\t\t<div  data-lazy=\"1\" class=\"module_column tb-column col-full first tb_wtuj817 tf_box\">\n\t    \t    \t        <div class=\"tb-column-inner tf_box tf_w\">\n\t\t    <!-- module image -->\n<div  class=\"module module-image tb_c8ov216   image-center tf_mw wow\" data-tf-animation=\"fadeIn\" data-lazy=\"1\">\n            <div class=\"image-wrap tf_rel tf_mw\">\n\t\t    <img loading=\"lazy\" decoding=\"async\" width=\"142\" height=\"110\" src=\"https:\/\/biga.com.pl\/wp-content\/uploads\/2021\/10\/biga_logo.png\" class=\"wp-post-image wp-image-20\" title=\"biga_logo\" alt=\"biga_logo\">\t\n\t\t<\/div>\n\t<!-- \/image-wrap -->\n    \n    \n<\/div>\n<!-- \/module image --><!-- module text -->\n<div  class=\"module module-text tb_iuwz312    wow\" data-tf-animation=\"fadeInUp\" data-lazy=\"1\">\n            <div  class=\"tb_text_wrap\">\n    <h2>contact<\/h2>    <\/div>\n<\/div>\n<!-- \/module text -->\t        <\/div>\n\t    \t<\/div>\n\t\t    <\/div>\n\t    <!-- \/row_inner -->\n\t<\/div>\n\t<!-- \/module_row -->\n\t\t<!-- module_row -->\n\t<div   data-css_id=\"tb_dmsb836\" data-lazy=\"1\" class=\"themify_builder_row module_row tb_dmsb836 clearfix\">\n\t    \t    <div class=\"row_inner col_align_middle tf_box tf_w tf_rel\" >\n\t\t\t<div  data-lazy=\"1\" class=\"module_column tb-column col2-1 first tb_i1d9837 tf_box\" >\n\t    \t    \t        <div class=\"tb-column-inner tf_box tf_w\">\n\t\t    <!-- module icon -->\n<div  class=\"module module-icon tb_m2ub544  large circle icon_horizontal  wow\" data-tf-animation=\"fadeInLeft\" data-lazy=\"1\">\n            <div class=\"module-icon\">\n\t\t    <div class=\"module-icon-item tf_inline_b\">\n\t\t\t\t    \t\t\t\t    \t\t\t<i class=\"ui tf_vmiddle tf_textc tf_box blue\"><svg class=\"tf_fa tf-fas-home\"><use href=\"#tf-fas-home\"><\/use><\/svg><\/i>\n\t\t    \t\t    \t\t\t<span class=\"tf_vmiddle\">ul. Legion\u00f3w Polskich 27, 32-064 Rudawa<\/span>\n\t\t    \t\t    \t    <\/div>\n\t    <\/div>\n<\/div>\n<!-- \/module icon -->\n<!-- module icon -->\n<div  class=\"module module-icon tb_se20551  large circle icon_horizontal  wow\" data-tf-animation=\"fadeInLeft\" data-lazy=\"1\">\n            <div class=\"module-icon\">\n\t\t    <div class=\"module-icon-item tf_inline_b\">\n\t\t\t\t    \t\t\t\t    \t\t\t<i class=\"ui tf_vmiddle tf_textc tf_box blue\"><svg class=\"tf_fa tf-fas-bookmark\"><use href=\"#tf-fas-bookmark\"><\/use><\/svg><\/i>\n\t\t    \t\t    \t\t\t<span class=\"tf_vmiddle\">NIP: 676-005-32-93<\/span>\n\t\t    \t\t    \t    <\/div>\n\t    <\/div>\n<\/div>\n<!-- \/module icon -->\n<!-- module icon -->\n<div  class=\"module module-icon tb_4ef4766  large circle icon_horizontal  wow\" data-tf-animation=\"fadeInLeft\" data-lazy=\"1\">\n            <div class=\"module-icon\">\n\t\t    <div class=\"module-icon-item tf_inline_b\">\n\t\t\t\t    \t\t\t\t    \t\t\t<i class=\"ui tf_vmiddle tf_textc tf_box blue\"><svg class=\"tf_fa tf-fas-phone\"><use href=\"#tf-fas-phone\"><\/use><\/svg><\/i>\n\t\t    \t\t    \t\t\t<span class=\"tf_vmiddle\">tel.: 12 283-87-63, fax.: 12 283-87-64<\/span>\n\t\t    \t\t    \t    <\/div>\n\t    <\/div>\n<\/div>\n<!-- \/module icon -->\n<!-- module icon -->\n<div  class=\"module module-icon tb_bk0m930  large circle icon_horizontal  wow\" data-tf-animation=\"fadeInLeft\" data-lazy=\"1\">\n            <div class=\"module-icon\">\n\t\t    <div class=\"module-icon-item tf_inline_b\">\n\t\t\t\t    \t\t\t\t    \t\t\t<i class=\"ui tf_vmiddle tf_textc tf_box blue\"><svg class=\"tf_fa tf-fas-at\"><use href=\"#tf-fas-at\"><\/use><\/svg><\/i>\n\t\t    \t\t    \t\t\t<span class=\"tf_vmiddle\">biuro@biga.com.pl \/ laser@biga.com.pl<\/span>\n\t\t    \t\t    \t    <\/div>\n\t    <\/div>\n<\/div>\n<!-- \/module icon -->\n<!-- module text -->\n<div  class=\"module module-text tb_kncj329\" data-lazy=\"1\">\n            <div  class=\"tb_text_wrap\">\n    <p style=\"text-align: center;\">Konto: Bank Pekao SA<br \/>82-1240-4243-1111-0000-4653-6587<\/p>    <\/div>\n<\/div>\n<!-- \/module text -->\t        <\/div>\n\t    \t<\/div>\n\t\t<div  data-lazy=\"1\" class=\"module_column tb-column col2-1 last tb_qq6p837 tf_box\">\n\t    \t    \t        <div class=\"tb-column-inner tf_box tf_w\">\n\t\t    <!-- module contact -->\n<div  id=\"tb_gz6w62\" class=\"module module-contact tb_gz6w62 animated-label contact-style2\" data-lazy=\"1\">\n        \n    \n\t<form\n\t\taction=\"https:\/\/biga.com.pl\/wp-admin\/admin-ajax.php\"\n\t\tclass=\"builder-contact\"\n\t\tid=\"tb_gz6w62-form\"\n\t\tmethod=\"post\"\n\t\tdata-post-id=\"12\"\n\t\tdata-element-id=\"gz6w62\"\n\t>\n    <div class=\"contact-message\"><\/div>\n\t<div class=\"builder-contact-fields tf_rel\">\n\t\t    \t\t    <div class=\"builder-contact-field builder-contact-field-name builder-contact-text-field\">\n\t\t\t    <label class=\"control-label\" for=\"tb_gz6w62-contact-name\"><span class=\"tb-label-span\">Name <\/span><span class=\"required\">*<\/span><\/label>\n\t\t\t    <div class=\"control-input\">\n\t\t\t\t    \t\t\t\t\t    <input type=\"text\" name=\"contact-name\" placeholder=\"\" id=\"tb_gz6w62-contact-name\" value=\"\" class=\"form-control\" required>\n\t\t\t\t    \t\t\t\t    \t\t\t    <\/div>\n\t\t<\/div>\n\t    \n\t\t    \t\t    <div class=\"builder-contact-field builder-contact-field-email builder-contact-text-field\">\n\t\t\t    <label class=\"control-label\" for=\"tb_gz6w62-contact-email\"><span class=\"tb-label-span\">Email <\/span><span class=\"required\">*<\/span><\/label>\n\t\t\t    <div class=\"control-input\">\n\t\t\t\t    \t\t\t\t\t    <input type=\"text\" name=\"contact-email\" placeholder=\"\" id=\"tb_gz6w62-contact-email\" value=\"\" class=\"form-control\" required>\n\t\t\t\t    \t\t\t\t    \t\t\t    <\/div>\n\t\t<\/div>\n\t    \n\t\t    \t\t    <div class=\"builder-contact-field builder-contact-field-subject builder-contact-text-field\">\n\t\t\t    <label class=\"control-label\" for=\"tb_gz6w62-contact-subject\"><span class=\"tb-label-span\">Topic <\/span><span class=\"required\">*<\/span><\/label>\n\t\t\t    <div class=\"control-input\">\n\t\t\t\t    \t\t\t\t\t    <input type=\"text\" name=\"contact-subject\" placeholder=\"\" id=\"tb_gz6w62-contact-subject\" value=\"\" class=\"form-control\" required>\n\t\t\t\t    \t\t\t\t    \t\t\t    <\/div>\n\t\t<\/div>\n\t    \n\t\t    \t\t    <div class=\"builder-contact-field builder-contact-field-message builder-contact-textarea-field\">\n\t\t\t    <label class=\"control-label\" for=\"tb_gz6w62-contact-message\"><span class=\"tb-label-span\">Your message <\/span><span class=\"required\">*<\/span><\/label>\n\t\t\t    <div class=\"control-input\">\n\t\t\t\t    \t\t\t\t\t    <textarea name=\"contact-message\" placeholder=\"\" id=\"tb_gz6w62-contact-message\" rows=\"8\" cols=\"45\" class=\"form-control\" required><\/textarea>\n\t\t\t\t    \t\t\t\t    \t\t\t    <\/div>\n\t\t<\/div>\n\t    \n\t\t    \n\t\t\t    \n\t\t\t    \t\t\t\t    <div class=\"builder-contact-field builder-contact-field-gdpr\">\n\t\t\t\t\t    <div class=\"control-label\">\n\t\t\t\t\t\t    <div class=\"control-input checkbox\">\n\t\t\t\t\t\t\t    <label class=\"field-gdpr\">\n\t\t\t\t\t\t\t\t    <input type=\"checkbox\" name=\"gdpr\" value=\"1\" required> Wyra\u017cam zgod\u0119 na przetwarzanie moich danych osobowych w celach kontaktowych. <span class=\"required\">*<\/span>\n\t\t\t\t\t\t\t    <\/label>\n\t\t\t\t\t\t    <\/div>\n\t\t\t\t\t    <\/div>\n\t\t\t\t    <\/div>\n\t\t\t    \n\t    \t    <div class=\"builder-contact-field builder-contact-field-send control-input tf_textc tf_clear\">\n\t\t\t<button type=\"submit\" class=\"btn btn-primary\"><span class=\"tf_loader\"><\/span> Wy\u015blij<\/button>\n\t    <\/div>\n\t<\/div>\n    <\/form>\n\n    <\/div>\n<!-- \/module contact -->\n\t        <\/div>\n\t    \t<\/div>\n\t\t    <\/div>\n\t    <!-- \/row_inner -->\n\t<\/div>\n\t<!-- \/module_row -->\n\t\t<!-- module_row -->\n\t<div   data-css_id=\"tb_8m9u303\" data-lazy=\"1\" class=\"themify_builder_row module_row fullwidth tb_8m9u303 clearfix\">\n\t    \t    <div class=\"row_inner col_align_top tf_box tf_w tf_rel\" >\n\t\t\t<div  data-lazy=\"1\" class=\"module_column tb-column col-full first tb_88dn304 tf_box\">\n\t    \t    \t        <div class=\"tb-column-inner tf_box tf_w\">\n\t\t    <!-- module map -->\n<div  class=\"module module-map tb_t0si929\">\n            \t\t\t    \t    <link rel=\"preconnect\" href=\"https:\/\/maps.googleapis.com\" crossorigin>\n\t\t<div\n\t    data-lazy=\"1\" \t    data-map-provider=\"google\"\n\t    data-address=\"32-064 Rudawa ul. Legion\u00f3w Polskich 27\"\n\t    data-zoom=\"13\"\n\t    data-type=\"ROADMAP\"\n\t    data-scroll=\"\"\n\t    data-drag=\"1\"\n\t    data-mdrag=\"1\"\n\t    data-control=\"\"\n\t    class=\"tf_lazy themify_map\"\n\t    style=\"width:100%;height:400px;\"\n\t    data-info-window=\"&lt;b&gt;Address&lt;\/b&gt;&lt;br\/&gt;&lt;p&gt;32-064 Rudawa ul. Legion\u00f3w Polskich 27&lt;\/p&gt;\"\n\t    data-reverse-geocoding=\"\">\n\t<\/div>\n    <\/div>\n<!-- \/module map -->\n\t        <\/div>\n\t    \t<\/div>\n\t\t    <\/div>\n\t    <!-- \/row_inner -->\n\t<\/div>\n\t<!-- \/module_row -->\n\t<\/div>","protected":false},"excerpt":{"rendered":"<p>kontakt ul. Legion\u00f3w Polskich 27, 32-064 Rudawa NIP: 676-005-32-93 tel.: 12 283-87-63, fax.: 12 283-87-64 biuro@biga.com.pl \/ laser@biga.com.pl Konto: Bank Pekao SA82-1240-4243-1111-0000-4653-6587 Imi\u0119 * Email * Temat * Tre\u015b\u0107 wiadomo\u015bci * Wyra\u017cam zgod\u0119 na przetwarzanie moich danych osobowych w celach kontaktowych. * Wy\u015blij<\/p>","protected":false},"author":3,"featured_media":0,"parent":0,"menu_order":0,"comment_status":"closed","ping_status":"closed","template":"","meta":{"footnotes":""},"class_list":["post-12","page","type-page","status-publish","hentry","has-post-title","has-post-date","has-post-category","has-post-tag","has-post-comment","has-post-author",""],"yoast_head":"<!-- This site is optimized with the Yoast SEO plugin v24.0 - https:\/\/yoast.com\/wordpress\/plugins\/seo\/ -->\n<title>Kontakt - BIGA STAL<\/title>\n<meta name=\"robots\" content=\"index, follow, max-snippet:-1, max-image-preview:large, max-video-preview:-1\" \/>\n<link rel=\"canonical\" href=\"https:\/\/biga.com.pl\/en\/kontakt\/\" \/>\n<meta property=\"og:locale\" content=\"en_US\" \/>\n<meta property=\"og:type\" content=\"article\" \/>\n<meta property=\"og:title\" content=\"Kontakt - BIGA STAL\" \/>\n<meta property=\"og:description\" content=\"kontakt ul. Legion\u00f3w Polskich 27, 32-064 Rudawa NIP: 676-005-32-93 tel.: 12 283-87-63, fax.: 12 283-87-64 biuro@biga.com.pl \/ laser@biga.com.pl Konto: Bank Pekao SA82-1240-4243-1111-0000-4653-6587 Imi\u0119 * Email * Temat * Tre\u015b\u0107 wiadomo\u015bci * Wyra\u017cam zgod\u0119 na przetwarzanie moich danych osobowych w celach kontaktowych. * Wy\u015blij\" \/>\n<meta property=\"og:url\" content=\"https:\/\/biga.com.pl\/en\/kontakt\/\" \/>\n<meta property=\"og:site_name\" content=\"BIGA STAL\" \/>\n<meta property=\"article:modified_time\" content=\"2022-07-06T09:25:40+00:00\" \/>\n<meta name=\"twitter:card\" content=\"summary_large_image\" \/>\n<script type=\"application\/ld+json\" class=\"yoast-schema-graph\">{\"@context\":\"https:\/\/schema.org\",\"@graph\":[{\"@type\":\"WebPage\",\"@id\":\"https:\/\/biga.com.pl\/kontakt\/\",\"url\":\"https:\/\/biga.com.pl\/kontakt\/\",\"name\":\"Kontakt - BIGA STAL\",\"isPartOf\":{\"@id\":\"https:\/\/biga.com.pl\/#website\"},\"primaryImageOfPage\":{\"@id\":\"https:\/\/biga.com.pl\/kontakt\/#primaryimage\"},\"image\":{\"@id\":\"https:\/\/biga.com.pl\/kontakt\/#primaryimage\"},\"thumbnailUrl\":\"https:\/\/biga.com.pl\/wp-content\/uploads\/2021\/10\/biga_logo.png\",\"datePublished\":\"2021-10-14T16:32:48+00:00\",\"dateModified\":\"2022-07-06T09:25:40+00:00\",\"breadcrumb\":{\"@id\":\"https:\/\/biga.com.pl\/kontakt\/#breadcrumb\"},\"inLanguage\":\"en-US\",\"potentialAction\":[{\"@type\":\"ReadAction\",\"target\":[\"https:\/\/biga.com.pl\/kontakt\/\"]}]},{\"@type\":\"ImageObject\",\"inLanguage\":\"en-US\",\"@id\":\"https:\/\/biga.com.pl\/kontakt\/#primaryimage\",\"url\":\"https:\/\/biga.com.pl\/wp-content\/uploads\/2021\/10\/biga_logo.png\",\"contentUrl\":\"https:\/\/biga.com.pl\/wp-content\/uploads\/2021\/10\/biga_logo.png\"},{\"@type\":\"BreadcrumbList\",\"@id\":\"https:\/\/biga.com.pl\/kontakt\/#breadcrumb\",\"itemListElement\":[{\"@type\":\"ListItem\",\"position\":1,\"name\":\"Strona g\u0142\u00f3wna\",\"item\":\"https:\/\/biga.com.pl\/\"},{\"@type\":\"ListItem\",\"position\":2,\"name\":\"Kontakt\"}]},{\"@type\":\"WebSite\",\"@id\":\"https:\/\/biga.com.pl\/#website\",\"url\":\"https:\/\/biga.com.pl\/\",\"name\":\"BIGA STAL\",\"description\":\"Ci\u0119cie laserem 3D Krak\u00f3w \u2013 gi\u0119cie i ukosowanie blach, laserowe ci\u0119cie blach, frezowanie i toczenie, us\u0142ugi spawalnicze | BIGA STAL\",\"potentialAction\":[{\"@type\":\"SearchAction\",\"target\":{\"@type\":\"EntryPoint\",\"urlTemplate\":\"https:\/\/biga.com.pl\/?s={search_term_string}\"},\"query-input\":{\"@type\":\"PropertyValueSpecification\",\"valueRequired\":true,\"valueName\":\"search_term_string\"}}],\"inLanguage\":\"en-US\"}]}<\/script>\n<!-- \/ Yoast SEO plugin. -->","yoast_head_json":{"title":"Kontakt - BIGA STAL","robots":{"index":"index","follow":"follow","max-snippet":"max-snippet:-1","max-image-preview":"max-image-preview:large","max-video-preview":"max-video-preview:-1"},"canonical":"https:\/\/biga.com.pl\/en\/kontakt\/","og_locale":"en_US","og_type":"article","og_title":"Kontakt - BIGA STAL","og_description":"kontakt ul. Legion\u00f3w Polskich 27, 32-064 Rudawa NIP: 676-005-32-93 tel.: 12 283-87-63, fax.: 12 283-87-64 biuro@biga.com.pl \/ laser@biga.com.pl Konto: Bank Pekao SA82-1240-4243-1111-0000-4653-6587 Imi\u0119 * Email * Temat * Tre\u015b\u0107 wiadomo\u015bci * Wyra\u017cam zgod\u0119 na przetwarzanie moich danych osobowych w celach kontaktowych. * Wy\u015blij","og_url":"https:\/\/biga.com.pl\/en\/kontakt\/","og_site_name":"BIGA STAL","article_modified_time":"2022-07-06T09:25:40+00:00","twitter_card":"summary_large_image","schema":{"@context":"https:\/\/schema.org","@graph":[{"@type":"WebPage","@id":"https:\/\/biga.com.pl\/kontakt\/","url":"https:\/\/biga.com.pl\/kontakt\/","name":"Kontakt - BIGA STAL","isPartOf":{"@id":"https:\/\/biga.com.pl\/#website"},"primaryImageOfPage":{"@id":"https:\/\/biga.com.pl\/kontakt\/#primaryimage"},"image":{"@id":"https:\/\/biga.com.pl\/kontakt\/#primaryimage"},"thumbnailUrl":"https:\/\/biga.com.pl\/wp-content\/uploads\/2021\/10\/biga_logo.png","datePublished":"2021-10-14T16:32:48+00:00","dateModified":"2022-07-06T09:25:40+00:00","breadcrumb":{"@id":"https:\/\/biga.com.pl\/kontakt\/#breadcrumb"},"inLanguage":"en-US","potentialAction":[{"@type":"ReadAction","target":["https:\/\/biga.com.pl\/kontakt\/"]}]},{"@type":"ImageObject","inLanguage":"en-US","@id":"https:\/\/biga.com.pl\/kontakt\/#primaryimage","url":"https:\/\/biga.com.pl\/wp-content\/uploads\/2021\/10\/biga_logo.png","contentUrl":"https:\/\/biga.com.pl\/wp-content\/uploads\/2021\/10\/biga_logo.png"},{"@type":"BreadcrumbList","@id":"https:\/\/biga.com.pl\/kontakt\/#breadcrumb","itemListElement":[{"@type":"ListItem","position":1,"name":"Strona g\u0142\u00f3wna","item":"https:\/\/biga.com.pl\/"},{"@type":"ListItem","position":2,"name":"Kontakt"}]},{"@type":"WebSite","@id":"https:\/\/biga.com.pl\/#website","url":"https:\/\/biga.com.pl\/","name":"BIGA STAL","description":"Ci\u0119cie laserem 3D Krak\u00f3w \u2013 gi\u0119cie i ukosowanie blach, laserowe ci\u0119cie blach, frezowanie i toczenie, us\u0142ugi spawalnicze | BIGA STAL","potentialAction":[{"@type":"SearchAction","target":{"@type":"EntryPoint","urlTemplate":"https:\/\/biga.com.pl\/?s={search_term_string}"},"query-input":{"@type":"PropertyValueSpecification","valueRequired":true,"valueName":"search_term_string"}}],"inLanguage":"en-US"}]}},"builder_content":"<img loading=\"lazy\" decoding=\"async\" width=\"142\" height=\"110\" src=\"https:\/\/biga.com.pl\/wp-content\/uploads\/2021\/10\/biga_logo.png\" title=\"biga_logo\" alt=\"biga_logo\">\n<h2>kontakt<\/h2>\n<i><svg><use href=\"#tf-fas-home\"><\/use><\/svg><\/i> ul. Legion\u00f3w Polskich 27, 32-064 Rudawa\n<i><svg><use href=\"#tf-fas-bookmark\"><\/use><\/svg><\/i> NIP: 676-005-32-93\n<i><svg><use href=\"#tf-fas-phone\"><\/use><\/svg><\/i> tel.: 12 283-87-63, fax.: 12 283-87-64\n<i><svg><use href=\"#tf-fas-at\"><\/use><\/svg><\/i> biuro@biga.com.pl \/ laser@biga.com.pl\n<p style=\"text-align: center;\">Konto: Bank Pekao SA<br \/>82-1240-4243-1111-0000-4653-6587<\/p>\n<form action=\"https:\/\/biga.com.pl\/wp-admin\/admin-ajax.php\" class=\"builder-contact\" id=\"tb_gz6w62-form\" method=\"post\" data-post-id=\"0\" data-element-id=\"gz6w62\" > <label for=\"tb_gz6w62-contact-name\">Imi\u0119 *<\/label> <input type=\"text\" name=\"contact-name\" placeholder=\"\" id=\"tb_gz6w62-contact-name\" value=\"\" required\/> <label for=\"tb_gz6w62-contact-email\">Email *<\/label> <input type=\"text\" name=\"contact-email\" placeholder=\"\" id=\"tb_gz6w62-contact-email\" value=\"\" required\/> <label for=\"tb_gz6w62-contact-subject\">Temat *<\/label> <input type=\"text\" name=\"contact-subject\" placeholder=\"\" id=\"tb_gz6w62-contact-subject\" value=\"\" required\/> <label for=\"tb_gz6w62-contact-message\">Tre\u015b\u0107 wiadomo\u015bci *<\/label> <textarea name=\"contact-message\" placeholder=\"\" id=\"tb_gz6w62-contact-message\" rows=\"8\" cols=\"45\" required><\/textarea> <label> <input type=\"checkbox\" name=\"gdpr\" value=\"1\" required\/> Wyra\u017cam zgod\u0119 na przetwarzanie moich danych osobowych w celach kontaktowych. * <\/label> <button type=\"submit\"> Wy\u015blij<\/button> <\/form>\n<h3><\/h3><iframe frameborder=\"0\" scrolling=\"no\" marginheight=\"0\" marginwidth=\"0\" src=\"https:\/\/maps.google.com\/maps?q=32-064+Rudawa+ul.+Legion%C3%B3w+Polskich+27&amp;t=m&amp;z=13&amp;output=embed&amp;iwloc=near\"><\/iframe>","_links":{"self":[{"href":"https:\/\/biga.com.pl\/en\/wp-json\/wp\/v2\/pages\/12","targetHints":{"allow":["GET"]}}],"collection":[{"href":"https:\/\/biga.com.pl\/en\/wp-json\/wp\/v2\/pages"}],"about":[{"href":"https:\/\/biga.com.pl\/en\/wp-json\/wp\/v2\/types\/page"}],"author":[{"embeddable":true,"href":"https:\/\/biga.com.pl\/en\/wp-json\/wp\/v2\/users\/3"}],"replies":[{"embeddable":true,"href":"https:\/\/biga.com.pl\/en\/wp-json\/wp\/v2\/comments?post=12"}],"version-history":[{"count":16,"href":"https:\/\/biga.com.pl\/en\/wp-json\/wp\/v2\/pages\/12\/revisions"}],"predecessor-version":[{"id":384,"href":"https:\/\/biga.com.pl\/en\/wp-json\/wp\/v2\/pages\/12\/revisions\/384"}],"wp:attachment":[{"href":"https:\/\/biga.com.pl\/en\/wp-json\/wp\/v2\/media?parent=12"}],"curies":[{"name":"wp","href":"https:\/\/api.w.org\/{rel}","templated":true}]}}