{"id":303,"date":"2022-02-09T16:43:41","date_gmt":"2022-02-09T15:43:41","guid":{"rendered":"https:\/\/biga.com.pl\/start-polski\/"},"modified":"2022-02-09T16:43:41","modified_gmt":"2022-02-09T15:43:41","slug":"start-polski","status":"publish","type":"page","link":"https:\/\/biga.com.pl\/en\/start-polski\/","title":{"rendered":"Start &#8211; Polski"},"content":{"rendered":"<div id=\"themify_builder_content-303\" data-postid=\"303\" class=\"themify_builder_content themify_builder_content-303 themify_builder tf_clear\">\n    <\/div>\n<!-- \/themify_builder_content -->","protected":false},"excerpt":{"rendered":"","protected":false},"author":3,"featured_media":0,"parent":0,"menu_order":0,"comment_status":"closed","ping_status":"closed","template":"","meta":{"footnotes":""},"class_list":["post-303","page","type-page","status-publish","hentry","has-post-title","has-post-date","has-post-category","has-post-tag","has-post-comment","has-post-author",""],"yoast_head":"<!-- This site is optimized with the Yoast SEO plugin v24.0 - https:\/\/yoast.com\/wordpress\/plugins\/seo\/ -->\n<title>Start - Polski - BIGA STAL<\/title>\n<meta name=\"robots\" content=\"index, follow, max-snippet:-1, max-image-preview:large, max-video-preview:-1\" \/>\n<link rel=\"canonical\" href=\"https:\/\/biga.com.pl\/en\/start-polski\/\" \/>\n<meta property=\"og:locale\" content=\"en_US\" \/>\n<meta property=\"og:type\" content=\"article\" \/>\n<meta property=\"og:title\" content=\"Start - Polski - BIGA STAL\" \/>\n<meta property=\"og:url\" content=\"https:\/\/biga.com.pl\/en\/start-polski\/\" \/>\n<meta property=\"og:site_name\" content=\"BIGA STAL\" \/>\n<meta name=\"twitter:card\" content=\"summary_large_image\" \/>\n<script type=\"application\/ld+json\" class=\"yoast-schema-graph\">{\"@context\":\"https:\/\/schema.org\",\"@graph\":[{\"@type\":\"WebPage\",\"@id\":\"https:\/\/biga.com.pl\/start-polski\/\",\"url\":\"https:\/\/biga.com.pl\/start-polski\/\",\"name\":\"Start - Polski - BIGA STAL\",\"isPartOf\":{\"@id\":\"https:\/\/biga.com.pl\/#website\"},\"datePublished\":\"2022-02-09T15:43:41+00:00\",\"dateModified\":\"2022-02-09T15:43:41+00:00\",\"breadcrumb\":{\"@id\":\"https:\/\/biga.com.pl\/start-polski\/#breadcrumb\"},\"inLanguage\":\"en-US\",\"potentialAction\":[{\"@type\":\"ReadAction\",\"target\":[\"https:\/\/biga.com.pl\/start-polski\/\"]}]},{\"@type\":\"BreadcrumbList\",\"@id\":\"https:\/\/biga.com.pl\/start-polski\/#breadcrumb\",\"itemListElement\":[{\"@type\":\"ListItem\",\"position\":1,\"name\":\"Strona g\u0142\u00f3wna\",\"item\":\"https:\/\/biga.com.pl\/\"},{\"@type\":\"ListItem\",\"position\":2,\"name\":\"Start &#8211; Polski\"}]},{\"@type\":\"WebSite\",\"@id\":\"https:\/\/biga.com.pl\/#website\",\"url\":\"https:\/\/biga.com.pl\/\",\"name\":\"BIGA STAL\",\"description\":\"Ci\u0119cie laserem 3D Krak\u00f3w \u2013 gi\u0119cie i ukosowanie blach, laserowe ci\u0119cie blach, frezowanie i toczenie, us\u0142ugi spawalnicze | BIGA STAL\",\"potentialAction\":[{\"@type\":\"SearchAction\",\"target\":{\"@type\":\"EntryPoint\",\"urlTemplate\":\"https:\/\/biga.com.pl\/?s={search_term_string}\"},\"query-input\":{\"@type\":\"PropertyValueSpecification\",\"valueRequired\":true,\"valueName\":\"search_term_string\"}}],\"inLanguage\":\"en-US\"}]}<\/script>\n<!-- \/ Yoast SEO plugin. -->","yoast_head_json":{"title":"Start - Polski - BIGA STAL","robots":{"index":"index","follow":"follow","max-snippet":"max-snippet:-1","max-image-preview":"max-image-preview:large","max-video-preview":"max-video-preview:-1"},"canonical":"https:\/\/biga.com.pl\/en\/start-polski\/","og_locale":"en_US","og_type":"article","og_title":"Start - Polski - BIGA STAL","og_url":"https:\/\/biga.com.pl\/en\/start-polski\/","og_site_name":"BIGA STAL","twitter_card":"summary_large_image","schema":{"@context":"https:\/\/schema.org","@graph":[{"@type":"WebPage","@id":"https:\/\/biga.com.pl\/start-polski\/","url":"https:\/\/biga.com.pl\/start-polski\/","name":"Start - Polski - BIGA STAL","isPartOf":{"@id":"https:\/\/biga.com.pl\/#website"},"datePublished":"2022-02-09T15:43:41+00:00","dateModified":"2022-02-09T15:43:41+00:00","breadcrumb":{"@id":"https:\/\/biga.com.pl\/start-polski\/#breadcrumb"},"inLanguage":"en-US","potentialAction":[{"@type":"ReadAction","target":["https:\/\/biga.com.pl\/start-polski\/"]}]},{"@type":"BreadcrumbList","@id":"https:\/\/biga.com.pl\/start-polski\/#breadcrumb","itemListElement":[{"@type":"ListItem","position":1,"name":"Strona g\u0142\u00f3wna","item":"https:\/\/biga.com.pl\/"},{"@type":"ListItem","position":2,"name":"Start &#8211; Polski"}]},{"@type":"WebSite","@id":"https:\/\/biga.com.pl\/#website","url":"https:\/\/biga.com.pl\/","name":"BIGA STAL","description":"Ci\u0119cie laserem 3D Krak\u00f3w \u2013 gi\u0119cie i ukosowanie blach, laserowe ci\u0119cie blach, frezowanie i toczenie, us\u0142ugi spawalnicze | BIGA STAL","potentialAction":[{"@type":"SearchAction","target":{"@type":"EntryPoint","urlTemplate":"https:\/\/biga.com.pl\/?s={search_term_string}"},"query-input":{"@type":"PropertyValueSpecification","valueRequired":true,"valueName":"search_term_string"}}],"inLanguage":"en-US"}]}},"builder_content":"","_links":{"self":[{"href":"https:\/\/biga.com.pl\/en\/wp-json\/wp\/v2\/pages\/303","targetHints":{"allow":["GET"]}}],"collection":[{"href":"https:\/\/biga.com.pl\/en\/wp-json\/wp\/v2\/pages"}],"about":[{"href":"https:\/\/biga.com.pl\/en\/wp-json\/wp\/v2\/types\/page"}],"author":[{"embeddable":true,"href":"https:\/\/biga.com.pl\/en\/wp-json\/wp\/v2\/users\/3"}],"replies":[{"embeddable":true,"href":"https:\/\/biga.com.pl\/en\/wp-json\/wp\/v2\/comments?post=303"}],"version-history":[{"count":0,"href":"https:\/\/biga.com.pl\/en\/wp-json\/wp\/v2\/pages\/303\/revisions"}],"wp:attachment":[{"href":"https:\/\/biga.com.pl\/en\/wp-json\/wp\/v2\/media?parent=303"}],"curies":[{"name":"wp","href":"https:\/\/api.w.org\/{rel}","templated":true}]}}