{"id":90,"date":"2021-12-02T14:14:57","date_gmt":"2021-12-02T13:14:57","guid":{"rendered":"https:\/\/biga.com.pl\/?page_id=90"},"modified":"2022-02-02T16:29:49","modified_gmt":"2022-02-02T15:29:49","slug":"zabezpieczenia-antykrozyjne-wykanczanie-powierzchni","status":"publish","type":"page","link":"https:\/\/biga.com.pl\/en\/zabezpieczenia-antykrozyjne-wykanczanie-powierzchni\/","title":{"rendered":"anticorrosion\/surface finishing"},"content":{"rendered":"<div id=\"themify_builder_content-90\" data-postid=\"90\" class=\"themify_builder_content themify_builder_content-90 themify_builder tf_clear\">\n    \t<!-- module_row -->\n\t<div   data-css_id=\"tb_tfzz771\" data-lazy=\"1\" class=\"themify_builder_row module_row tb_gs10561a tb_tfzz771 tb_first clearfix\">\n\t    <div class=\"tf_abs builder_row_cover\"><\/div>\t\t\t\t\t\t<div class=\"tf_abs tf_hide tb_row_frame tb_row_frame_bottom\"><\/div>\n\t\t\t\t\t\t\t    <div class=\"row_inner col_align_top tf_box tf_w tf_rel\" >\n\t\t\t<div  data-lazy=\"1\" class=\"module_column tb-column col-full first tb_2h46772 tf_box\">\n\t    \t    \t        <div class=\"tb-column-inner tf_box tf_w\">\n\t\t    <!-- module image -->\n<div  class=\"module module-image tb_uh74476   image-center tf_mw wow\" data-tf-animation=\"fadeIn\" data-lazy=\"1\">\n            <div class=\"image-wrap tf_rel tf_mw\">\n\t\t    <img loading=\"lazy\" decoding=\"async\" width=\"142\" height=\"110\" src=\"https:\/\/biga.com.pl\/wp-content\/uploads\/2021\/10\/biga_logo.png\" class=\"wp-post-image wp-image-20\" title=\"biga_logo\" alt=\"biga_logo\">\t\n\t\t<\/div>\n\t<!-- \/image-wrap -->\n    \n    \n<\/div>\n<!-- \/module image --><!-- module text -->\n<div  class=\"module module-text tb_u7ig271    wow\" data-tf-animation=\"fadeInUp\" data-lazy=\"1\">\n            <div  class=\"tb_text_wrap\">\n    <h2 style=\"text-align: center;\"><strong>Zabezpieczenia antykorozyjne<\/strong><\/h2>\n<h2 style=\"text-align: center;\"><strong>Wyka\u0144czanie powierzchni<\/strong><\/h2>    <\/div>\n<\/div>\n<!-- \/module text -->\t        <\/div>\n\t    \t<\/div>\n\t\t    <\/div>\n\t    <!-- \/row_inner -->\n\t<\/div>\n\t<!-- \/module_row -->\n\t\t<!-- module_row -->\n\t<div   data-css_id=\"tb_5g5o44\" data-lazy=\"1\" class=\"themify_builder_row module_row fullwidth tb_5g5o44 clearfix\">\n\t    \t    <div class=\"row_inner col_align_middle tf_box tf_w tf_rel\" >\n\t\t\t<div  data-lazy=\"1\" class=\"module_column tb-column col-full first tb_8h2p44 tf_box\">\n\t    \t    \t        <div class=\"tb-column-inner tf_box tf_w\">\n\t\t    <!-- module text -->\n<div  class=\"module module-text tb_s6zm625\" data-lazy=\"1\">\n            <div  class=\"tb_text_wrap\">\n    <p>Wychodz\u0105c naprzeciw indywidualnym potrzebom naszych Klient\u00f3w rozwin\u0119li\u015bmy wsp\u00f3\u0142prac\u0119 w kooperacji z renomowanymi us\u0142ugodawcami w zakresie wykonywania pow\u0142ok antykorozyjnych i innych. Umo\u017cliwia nam to realizacj\u0119 zam\u00f3wie\u0144 na gotowe produkty takie jak cz\u0119\u015bci maszyn, podzespo\u0142y i konstrukcje z uwzgl\u0119dnieniem wykonania r\u00f3\u017cnorodnych pow\u0142ok. Wsp\u00f3\u0142pracujemy jedynie ze sprawdzonymi producentami z wieloletnim do\u015bwiadczeniem w bran\u017cy, zapewniaj\u0105cym najwy\u017csz\u0105 jako\u015b\u0107 przy zachowaniu kr\u00f3tkich termin\u00f3w realizacji, w zakresie ni\u017cej wymienionych us\u0142ug:<\/p>\n<ul>\n<li>ocynk ogniowy<\/li>\n<li>ocynk galwaniczny<\/li>\n<li>malowanie KTL<\/li>\n<li>malowanie proszkowe<\/li>\n<li>malowanie \u201ena mokro\u201d<\/li>\n<li>duplex (ocynk ogniowy + proszek)<\/li>\n<\/ul>    <\/div>\n<\/div>\n<!-- \/module text --><!-- module gallery -->\n<div  class=\"module gallery module-gallery tb_jkm4180 layout-slider rounded drop-shadow\" data-lazy=\"1\">\n                        <div class=\"themify_builder_slider_vertical tf_rel\">\n    <div class=\"swiper-container tf_carousel themify_builder_slider themify_builder_slider_vertical tf_rel tf_overflow\"\n\tdata-pager=\"0\"\n\t data-lazy=\"1\"\t\t\tdata-thumbs=\"tb_jkm4180_thumbs\"\n\t\tdata-effect=\"scroll\" \n\t\tdata-css_url=\"https:\/\/biga.com.pl\/wp-content\/themes\/themify-ultra\/themify\/themify-builder\/css\/modules\/sliders\/carousel.css,https:\/\/biga.com.pl\/wp-content\/themes\/themify-ultra\/themify\/themify-builder\/css\/modules\/sliders\/gallery.css\"\n\t\t\t\tdata-auto=\"4\"\n\t\tdata-pause_hover=\"1\"\n\t\t\t\tdata-speed=\"1\"\n\tdata-wrapvar=\"1\"\n\tdata-slider_nav=\"1\"\n\tdata-height=\"variable\"\n\t>\n\t<div class=\"swiper-wrapper tf_lazy tf_rel tf_w tf_h tf_textc\">\n\t\t\t\t\t<div class=\"swiper-slide\">\n\t\t\t<div class=\"slide-inner-wrap\">\n\t\t\t\t<div class=\"tf_lazy slide-image gallery-icon\"><img decoding=\"async\" src=\"https:\/\/biga.com.pl\/wp-content\/uploads\/2021\/11\/PA120315-1024x768-666x500.jpg\" height=\"500\" class=\"wp-post-image wp-image-75\" title=\"PA120315\" data-tf-not-load=\"1\" alt=\"PA120315\" srcset=\"https:\/\/biga.com.pl\/wp-content\/uploads\/2021\/11\/PA120315-1024x768-666x500.jpg 666w, https:\/\/biga.com.pl\/wp-content\/uploads\/2021\/11\/PA120315-300x225.jpg 300w, https:\/\/biga.com.pl\/wp-content\/uploads\/2021\/11\/PA120315-1024x768.jpg 1024w, https:\/\/biga.com.pl\/wp-content\/uploads\/2021\/11\/PA120315-768x576.jpg 768w, https:\/\/biga.com.pl\/wp-content\/uploads\/2021\/11\/PA120315-1536x1152.jpg 1536w, https:\/\/biga.com.pl\/wp-content\/uploads\/2021\/11\/PA120315-2048x1536.jpg 2048w, https:\/\/biga.com.pl\/wp-content\/uploads\/2021\/11\/PA120315-1024x768-400x300.jpg 400w, https:\/\/biga.com.pl\/wp-content\/uploads\/2021\/11\/PA120315-1024x768-800x600.jpg 800w\" sizes=\"(max-width: 666px) 100vw, 666px\" \/>\t\t\t\t<\/div>\n\t\t\t\t\t\t\t<\/div><\/div>\n\t\t\t\t\t<div class=\"swiper-slide\">\n\t\t\t<div class=\"slide-inner-wrap\">\n\t\t\t\t<div class=\"tf_lazy slide-image gallery-icon\"><img decoding=\"async\" src=\"https:\/\/biga.com.pl\/wp-content\/uploads\/2022\/02\/PA120163-1024x768-666x500.jpg\" height=\"500\" class=\"wp-post-image wp-image-262\" title=\"PA120163\" data-tf-not-load=\"1\" alt=\"PA120163\" srcset=\"https:\/\/biga.com.pl\/wp-content\/uploads\/2022\/02\/PA120163-1024x768-666x500.jpg 666w, https:\/\/biga.com.pl\/wp-content\/uploads\/2022\/02\/PA120163-300x225.jpg 300w, https:\/\/biga.com.pl\/wp-content\/uploads\/2022\/02\/PA120163-1024x768.jpg 1024w, https:\/\/biga.com.pl\/wp-content\/uploads\/2022\/02\/PA120163-768x576.jpg 768w, https:\/\/biga.com.pl\/wp-content\/uploads\/2022\/02\/PA120163-1536x1152.jpg 1536w, https:\/\/biga.com.pl\/wp-content\/uploads\/2022\/02\/PA120163-2048x1536.jpg 2048w\" sizes=\"(max-width: 666px) 100vw, 666px\" \/>\t\t\t\t<\/div>\n\t\t\t\t\t\t\t<\/div><\/div>\n\t\t\t<\/div>\n<\/div>\n            <\/div>\n    \n<\/div>\n<!-- \/module gallery -->\n\t        <\/div>\n\t    \t<\/div>\n\t\t    <\/div>\n\t    <!-- \/row_inner -->\n\t<\/div>\n\t<!-- \/module_row -->\n\t<\/div>","protected":false},"excerpt":{"rendered":"<p>Zabezpieczenia antykorozyjne Wyka\u0144czanie powierzchni Wychodz\u0105c naprzeciw indywidualnym potrzebom naszych Klient\u00f3w rozwin\u0119li\u015bmy wsp\u00f3\u0142prac\u0119 w kooperacji z renomowanymi us\u0142ugodawcami w zakresie wykonywania pow\u0142ok antykorozyjnych i innych. Umo\u017cliwia nam to realizacj\u0119 zam\u00f3wie\u0144 na gotowe produkty takie jak cz\u0119\u015bci maszyn, podzespo\u0142y i konstrukcje z uwzgl\u0119dnieniem wykonania r\u00f3\u017cnorodnych pow\u0142ok. Wsp\u00f3\u0142pracujemy jedynie ze sprawdzonymi producentami z wieloletnim do\u015bwiadczeniem w bran\u017cy, zapewniaj\u0105cym [&hellip;]<\/p>","protected":false},"author":3,"featured_media":0,"parent":0,"menu_order":0,"comment_status":"closed","ping_status":"closed","template":"","meta":{"footnotes":""},"class_list":["post-90","page","type-page","status-publish","hentry","has-post-title","has-post-date","has-post-category","has-post-tag","has-post-comment","has-post-author",""],"yoast_head":"<!-- This site is optimized with the Yoast SEO plugin v24.0 - https:\/\/yoast.com\/wordpress\/plugins\/seo\/ -->\n<title>Zabezpieczenia antykrozyjne \/ wyka\u0144czanie powierzchni - BIGA STAL<\/title>\n<meta name=\"robots\" content=\"index, follow, max-snippet:-1, max-image-preview:large, max-video-preview:-1\" \/>\n<link rel=\"canonical\" href=\"https:\/\/biga.com.pl\/en\/zabezpieczenia-antykrozyjne-wykanczanie-powierzchni\/\" \/>\n<meta property=\"og:locale\" content=\"en_US\" \/>\n<meta property=\"og:type\" content=\"article\" \/>\n<meta property=\"og:title\" content=\"Zabezpieczenia antykrozyjne \/ wyka\u0144czanie powierzchni - BIGA STAL\" \/>\n<meta property=\"og:description\" content=\"Zabezpieczenia antykorozyjne Wyka\u0144czanie powierzchni Wychodz\u0105c naprzeciw indywidualnym potrzebom naszych Klient\u00f3w rozwin\u0119li\u015bmy wsp\u00f3\u0142prac\u0119 w kooperacji z renomowanymi us\u0142ugodawcami w zakresie wykonywania pow\u0142ok antykorozyjnych i innych. Umo\u017cliwia nam to realizacj\u0119 zam\u00f3wie\u0144 na gotowe produkty takie jak cz\u0119\u015bci maszyn, podzespo\u0142y i konstrukcje z uwzgl\u0119dnieniem wykonania r\u00f3\u017cnorodnych pow\u0142ok. Wsp\u00f3\u0142pracujemy jedynie ze sprawdzonymi producentami z wieloletnim do\u015bwiadczeniem w bran\u017cy, zapewniaj\u0105cym [&hellip;]\" \/>\n<meta property=\"og:url\" content=\"https:\/\/biga.com.pl\/en\/zabezpieczenia-antykrozyjne-wykanczanie-powierzchni\/\" \/>\n<meta property=\"og:site_name\" content=\"BIGA STAL\" \/>\n<meta property=\"article:modified_time\" content=\"2022-02-02T15:29:49+00:00\" \/>\n<meta property=\"og:image\" content=\"https:\/\/biga.com.pl\/wp-content\/uploads\/2021\/11\/PA120315-150x150.jpg\" \/>\n<meta name=\"twitter:card\" content=\"summary_large_image\" \/>\n<meta name=\"twitter:label1\" content=\"Est. reading time\" \/>\n\t<meta name=\"twitter:data1\" content=\"1 minute\" \/>\n<script type=\"application\/ld+json\" class=\"yoast-schema-graph\">{\"@context\":\"https:\/\/schema.org\",\"@graph\":[{\"@type\":\"WebPage\",\"@id\":\"https:\/\/biga.com.pl\/zabezpieczenia-antykrozyjne-wykanczanie-powierzchni\/\",\"url\":\"https:\/\/biga.com.pl\/zabezpieczenia-antykrozyjne-wykanczanie-powierzchni\/\",\"name\":\"Zabezpieczenia antykrozyjne \/ wyka\u0144czanie powierzchni - BIGA STAL\",\"isPartOf\":{\"@id\":\"https:\/\/biga.com.pl\/#website\"},\"primaryImageOfPage\":{\"@id\":\"https:\/\/biga.com.pl\/zabezpieczenia-antykrozyjne-wykanczanie-powierzchni\/#primaryimage\"},\"image\":{\"@id\":\"https:\/\/biga.com.pl\/zabezpieczenia-antykrozyjne-wykanczanie-powierzchni\/#primaryimage\"},\"thumbnailUrl\":\"https:\/\/biga.com.pl\/wp-content\/uploads\/2021\/10\/biga_logo.png\",\"datePublished\":\"2021-12-02T13:14:57+00:00\",\"dateModified\":\"2022-02-02T15:29:49+00:00\",\"breadcrumb\":{\"@id\":\"https:\/\/biga.com.pl\/zabezpieczenia-antykrozyjne-wykanczanie-powierzchni\/#breadcrumb\"},\"inLanguage\":\"en-US\",\"potentialAction\":[{\"@type\":\"ReadAction\",\"target\":[\"https:\/\/biga.com.pl\/zabezpieczenia-antykrozyjne-wykanczanie-powierzchni\/\"]}]},{\"@type\":\"ImageObject\",\"inLanguage\":\"en-US\",\"@id\":\"https:\/\/biga.com.pl\/zabezpieczenia-antykrozyjne-wykanczanie-powierzchni\/#primaryimage\",\"url\":\"https:\/\/biga.com.pl\/wp-content\/uploads\/2021\/10\/biga_logo.png\",\"contentUrl\":\"https:\/\/biga.com.pl\/wp-content\/uploads\/2021\/10\/biga_logo.png\"},{\"@type\":\"BreadcrumbList\",\"@id\":\"https:\/\/biga.com.pl\/zabezpieczenia-antykrozyjne-wykanczanie-powierzchni\/#breadcrumb\",\"itemListElement\":[{\"@type\":\"ListItem\",\"position\":1,\"name\":\"Strona g\u0142\u00f3wna\",\"item\":\"https:\/\/biga.com.pl\/\"},{\"@type\":\"ListItem\",\"position\":2,\"name\":\"Zabezpieczenia antykrozyjne \/ wyka\u0144czanie powierzchni\"}]},{\"@type\":\"WebSite\",\"@id\":\"https:\/\/biga.com.pl\/#website\",\"url\":\"https:\/\/biga.com.pl\/\",\"name\":\"BIGA STAL\",\"description\":\"Ci\u0119cie laserem 3D Krak\u00f3w \u2013 gi\u0119cie i ukosowanie blach, laserowe ci\u0119cie blach, frezowanie i toczenie, us\u0142ugi spawalnicze | BIGA STAL\",\"potentialAction\":[{\"@type\":\"SearchAction\",\"target\":{\"@type\":\"EntryPoint\",\"urlTemplate\":\"https:\/\/biga.com.pl\/?s={search_term_string}\"},\"query-input\":{\"@type\":\"PropertyValueSpecification\",\"valueRequired\":true,\"valueName\":\"search_term_string\"}}],\"inLanguage\":\"en-US\"}]}<\/script>\n<!-- \/ Yoast SEO plugin. -->","yoast_head_json":{"title":"Zabezpieczenia antykrozyjne \/ wyka\u0144czanie powierzchni - BIGA STAL","robots":{"index":"index","follow":"follow","max-snippet":"max-snippet:-1","max-image-preview":"max-image-preview:large","max-video-preview":"max-video-preview:-1"},"canonical":"https:\/\/biga.com.pl\/en\/zabezpieczenia-antykrozyjne-wykanczanie-powierzchni\/","og_locale":"en_US","og_type":"article","og_title":"Zabezpieczenia antykrozyjne \/ wyka\u0144czanie powierzchni - BIGA STAL","og_description":"Zabezpieczenia antykorozyjne Wyka\u0144czanie powierzchni Wychodz\u0105c naprzeciw indywidualnym potrzebom naszych Klient\u00f3w rozwin\u0119li\u015bmy wsp\u00f3\u0142prac\u0119 w kooperacji z renomowanymi us\u0142ugodawcami w zakresie wykonywania pow\u0142ok antykorozyjnych i innych. Umo\u017cliwia nam to realizacj\u0119 zam\u00f3wie\u0144 na gotowe produkty takie jak cz\u0119\u015bci maszyn, podzespo\u0142y i konstrukcje z uwzgl\u0119dnieniem wykonania r\u00f3\u017cnorodnych pow\u0142ok. Wsp\u00f3\u0142pracujemy jedynie ze sprawdzonymi producentami z wieloletnim do\u015bwiadczeniem w bran\u017cy, zapewniaj\u0105cym [&hellip;]","og_url":"https:\/\/biga.com.pl\/en\/zabezpieczenia-antykrozyjne-wykanczanie-powierzchni\/","og_site_name":"BIGA STAL","article_modified_time":"2022-02-02T15:29:49+00:00","og_image":[{"url":"https:\/\/biga.com.pl\/wp-content\/uploads\/2021\/11\/PA120315-150x150.jpg","type":"","width":"","height":""}],"twitter_card":"summary_large_image","twitter_misc":{"Est. reading time":"1 minute"},"schema":{"@context":"https:\/\/schema.org","@graph":[{"@type":"WebPage","@id":"https:\/\/biga.com.pl\/zabezpieczenia-antykrozyjne-wykanczanie-powierzchni\/","url":"https:\/\/biga.com.pl\/zabezpieczenia-antykrozyjne-wykanczanie-powierzchni\/","name":"Zabezpieczenia antykrozyjne \/ wyka\u0144czanie powierzchni - BIGA STAL","isPartOf":{"@id":"https:\/\/biga.com.pl\/#website"},"primaryImageOfPage":{"@id":"https:\/\/biga.com.pl\/zabezpieczenia-antykrozyjne-wykanczanie-powierzchni\/#primaryimage"},"image":{"@id":"https:\/\/biga.com.pl\/zabezpieczenia-antykrozyjne-wykanczanie-powierzchni\/#primaryimage"},"thumbnailUrl":"https:\/\/biga.com.pl\/wp-content\/uploads\/2021\/10\/biga_logo.png","datePublished":"2021-12-02T13:14:57+00:00","dateModified":"2022-02-02T15:29:49+00:00","breadcrumb":{"@id":"https:\/\/biga.com.pl\/zabezpieczenia-antykrozyjne-wykanczanie-powierzchni\/#breadcrumb"},"inLanguage":"en-US","potentialAction":[{"@type":"ReadAction","target":["https:\/\/biga.com.pl\/zabezpieczenia-antykrozyjne-wykanczanie-powierzchni\/"]}]},{"@type":"ImageObject","inLanguage":"en-US","@id":"https:\/\/biga.com.pl\/zabezpieczenia-antykrozyjne-wykanczanie-powierzchni\/#primaryimage","url":"https:\/\/biga.com.pl\/wp-content\/uploads\/2021\/10\/biga_logo.png","contentUrl":"https:\/\/biga.com.pl\/wp-content\/uploads\/2021\/10\/biga_logo.png"},{"@type":"BreadcrumbList","@id":"https:\/\/biga.com.pl\/zabezpieczenia-antykrozyjne-wykanczanie-powierzchni\/#breadcrumb","itemListElement":[{"@type":"ListItem","position":1,"name":"Strona g\u0142\u00f3wna","item":"https:\/\/biga.com.pl\/"},{"@type":"ListItem","position":2,"name":"Zabezpieczenia antykrozyjne \/ wyka\u0144czanie powierzchni"}]},{"@type":"WebSite","@id":"https:\/\/biga.com.pl\/#website","url":"https:\/\/biga.com.pl\/","name":"BIGA STAL","description":"Ci\u0119cie laserem 3D Krak\u00f3w \u2013 gi\u0119cie i ukosowanie blach, laserowe ci\u0119cie blach, frezowanie i toczenie, us\u0142ugi spawalnicze | BIGA STAL","potentialAction":[{"@type":"SearchAction","target":{"@type":"EntryPoint","urlTemplate":"https:\/\/biga.com.pl\/?s={search_term_string}"},"query-input":{"@type":"PropertyValueSpecification","valueRequired":true,"valueName":"search_term_string"}}],"inLanguage":"en-US"}]}},"builder_content":"<img loading=\"lazy\" decoding=\"async\" width=\"142\" height=\"110\" src=\"https:\/\/biga.com.pl\/wp-content\/uploads\/2021\/10\/biga_logo.png\" title=\"biga_logo\" alt=\"biga_logo\">\n<h2 style=\"text-align: center;\"><strong>Zabezpieczenia antykorozyjne<\/strong><\/h2> <h2 style=\"text-align: center;\"><strong>Wyka\u0144czanie powierzchni<\/strong><\/h2>\n<p>Wychodz\u0105c naprzeciw indywidualnym potrzebom naszych Klient\u00f3w rozwin\u0119li\u015bmy wsp\u00f3\u0142prac\u0119 w kooperacji z renomowanymi us\u0142ugodawcami w zakresie wykonywania pow\u0142ok antykorozyjnych i innych. Umo\u017cliwia nam to realizacj\u0119 zam\u00f3wie\u0144 na gotowe produkty takie jak cz\u0119\u015bci maszyn, podzespo\u0142y i konstrukcje z uwzgl\u0119dnieniem wykonania r\u00f3\u017cnorodnych pow\u0142ok. Wsp\u00f3\u0142pracujemy jedynie ze sprawdzonymi producentami z wieloletnim do\u015bwiadczeniem w bran\u017cy, zapewniaj\u0105cym najwy\u017csz\u0105 jako\u015b\u0107 przy zachowaniu kr\u00f3tkich termin\u00f3w realizacji, w zakresie ni\u017cej wymienionych us\u0142ug:<\/p> <ul> <li>ocynk ogniowy<\/li> <li>ocynk galwaniczny<\/li> <li>malowanie KTL<\/li> <li>malowanie proszkowe<\/li> <li>malowanie \u201ena mokro\u201d<\/li> <li>duplex (ocynk ogniowy + proszek)<\/li> <\/ul>\n[gallery ids=\"75,262\"]","_links":{"self":[{"href":"https:\/\/biga.com.pl\/en\/wp-json\/wp\/v2\/pages\/90","targetHints":{"allow":["GET"]}}],"collection":[{"href":"https:\/\/biga.com.pl\/en\/wp-json\/wp\/v2\/pages"}],"about":[{"href":"https:\/\/biga.com.pl\/en\/wp-json\/wp\/v2\/types\/page"}],"author":[{"embeddable":true,"href":"https:\/\/biga.com.pl\/en\/wp-json\/wp\/v2\/users\/3"}],"replies":[{"embeddable":true,"href":"https:\/\/biga.com.pl\/en\/wp-json\/wp\/v2\/comments?post=90"}],"version-history":[{"count":7,"href":"https:\/\/biga.com.pl\/en\/wp-json\/wp\/v2\/pages\/90\/revisions"}],"predecessor-version":[{"id":269,"href":"https:\/\/biga.com.pl\/en\/wp-json\/wp\/v2\/pages\/90\/revisions\/269"}],"wp:attachment":[{"href":"https:\/\/biga.com.pl\/en\/wp-json\/wp\/v2\/media?parent=90"}],"curies":[{"name":"wp","href":"https:\/\/api.w.org\/{rel}","templated":true}]}}